{"id":3,"date":"2025-08-11T10:49:47","date_gmt":"2025-08-11T13:49:47","guid":{"rendered":"https:\/\/meuvalor.org\/?page_id=3"},"modified":"2025-11-25T21:57:17","modified_gmt":"2025-11-26T00:57:17","slug":"politica-de-privacidade","status":"publish","type":"page","link":"https:\/\/meuvalor.org\/?page_id=3","title":{"rendered":"Pol\u00edtica de Privacidade"},"content":{"rendered":"\r\n<p><span style=\"font-family: arial, helvetica, sans-serif; color: #000000;\">A sua privacidade \u00e9 importante para n\u00f3s, esta Pol\u00edtica de Privacidade descreve como o <strong>MEU VALOR <\/strong>criado por Gabriela Carvalh\u00eado coleta, usa e protege as informa\u00e7\u00f5es dos visitantes.<\/span><\/p>\r\n<p>&nbsp;<\/p>\r\n<ol>\r\n<li>\r\n<h3 class=\"wp-block-heading\"><span style=\"font-family: arial, helvetica, sans-serif; color: #000000;\">Informa\u00e7\u00f5es coletadas<\/span><\/h3>\r\n<\/li>\r\n<\/ol>\r\n<p><span style=\"font-family: arial, helvetica, sans-serif; color: #000000;\">Coletamos dados de diferentes formas, incluindo, mas n\u00e3o se limitando a:<\/span><\/p>\r\n<ul>\r\n<li><span style=\"font-family: arial, helvetica, sans-serif; color: #000000;\">Dados fornecidos voluntariamente pelos usu\u00e1rios, como nome e e-mail ao assinar newsletters ou comentar em posts.<\/span><\/li>\r\n<li><span style=\"font-family: arial, helvetica, sans-serif; color: #000000;\">Dados coletados automaticamente, como endere\u00e7o de IP, tipo de navegador, p\u00e1ginas acessadas e tempo de navega\u00e7\u00e3o, por meio de ferramentas como, rastreamento, cookies, identificadores de dispositivos e <strong>Google Analytics.<\/strong><\/span><\/li>\r\n<\/ul>\r\n<ol start=\"2\">\r\n<li>\r\n<h3><span style=\"font-family: arial, helvetica, sans-serif; color: #000000;\">Uso das informa\u00e7\u00f5es<\/span><\/h3>\r\n<\/li>\r\n<\/ol>\r\n<p><span style=\"font-family: arial, helvetica, sans-serif; color: #000000;\">As informa\u00e7\u00f5es coletadas podem ser utilizadas para:<\/span><\/p>\r\n<ul>\r\n<li><span style=\"font-family: arial, helvetica, sans-serif; color: #000000;\">Melhorar a experiencia do usu\u00e1rio no blog;<\/span><\/li>\r\n<li><span style=\"font-family: arial, helvetica, sans-serif; color: #000000;\">Personalizar conte\u00fados e an\u00fancios;<\/span><\/li>\r\n<li><span style=\"font-family: arial, helvetica, sans-serif; color: #000000;\">Enviar e-mails informativos (quando autorizado pelo usu\u00e1rio);<\/span><\/li>\r\n<li><span style=\"font-family: arial, helvetica, sans-serif; color: #000000;\">Monitorar m\u00e9tricas de acesso e desempenho do site.<\/span><\/li>\r\n<\/ul>\r\n<p>&nbsp;<\/p>\r\n<ol start=\"3\">\r\n<li>\r\n<h3><span style=\"font-family: arial, helvetica, sans-serif; color: #000000;\">Cookies e tecnologias semelhantes<\/span><\/h3>\r\n<\/li>\r\n<\/ol>\r\n<p><span style=\"font-family: arial, helvetica, sans-serif; color: #000000;\">O <strong>MEU VALOR<\/strong> utiliza cookies para armazenar informa\u00e7\u00f5es, como prefer\u00eancias pessoais dos visitantes. Isso pode incluir exibir pop-ups, direcionar conte\u00fado relevante e an\u00fancios com base o hist\u00f3rico de navega\u00e7\u00e3o.<\/span><\/p>\r\n<ul>\r\n<li><span style=\"font-family: arial, helvetica, sans-serif; color: #000000;\">O Google, como fornecedor de terceiros, utiliza cookies para exibir an\u00fancios neste site.<\/span><\/li>\r\n<li><span style=\"font-family: arial, helvetica, sans-serif; color: #000000;\">Como o uso do cookie <strong>DART<\/strong>, o Google pode exibir an\u00fancios para nossos visitantes como base em suas visitas a este ou a outros sites na internet.<\/span><\/li>\r\n<li><span style=\"font-family: arial, helvetica, sans-serif; color: #000000;\">O usu\u00e1rio pode desativar cookie <strong>DART <\/strong><a href=\"https:\/\/policies.google.com\/technologies\/ads\">acessando a pol\u00edtica de privacidade de rede de an\u00fancios do Google<\/a>.<\/span><\/li>\r\n<\/ul>\r\n<p>&nbsp;<\/p>\r\n<ol start=\"4\">\r\n<li>\r\n<h3><span style=\"font-family: arial, helvetica, sans-serif; color: #000000;\">Compartilhamento de informa\u00e7\u00f5es com terceiros<\/span><\/h3>\r\n<\/li>\r\n<\/ol>\r\n<p><span style=\"font-family: arial, helvetica, sans-serif; color: #000000;\">N\u00e3o vendemos, trocamos ou transferimos para terceiras informa\u00e7\u00f5es de identifica\u00e7\u00e3o pessoal dos usu\u00e1rios exceto quando exigido por lei.<\/span><\/p>\r\n<p><span style=\"font-family: arial, helvetica, sans-serif; color: #000000;\">No entanto, podemos compartilhar informa\u00e7\u00f5es an\u00f4nimas e n\u00e3o pessoais com parceiros, como anunciantes e empresas de analise, para fins de marketing e melhorias do blog.<\/span><\/p>\r\n<p>&nbsp;<\/p>\r\n<ol start=\"5\">\r\n<li>\r\n<h3><span style=\"font-family: arial, helvetica, sans-serif; color: #000000;\">Links para sites de terceiros<\/span><\/h3>\r\n<\/li>\r\n<\/ol>\r\n<p><span style=\"font-family: arial, helvetica, sans-serif; color: #000000;\">O <strong>MEU VALOR <\/strong>pode conter links para outros sites. N\u00e3o somos respons\u00e1veis pelas pol\u00edticas de privacidade ou pelo conte\u00fado de terceiros. Recomendamos que o usu\u00e1rio leia as pol\u00edticas de privacidade de site visitado.<\/span><\/p>\r\n<p>&nbsp;<\/p>\r\n<ol start=\"6\">\r\n<li>\r\n<h3><span style=\"font-family: arial, helvetica, sans-serif; color: #000000;\">Seguran\u00e7a das informa\u00e7\u00f5es<\/span><\/h3>\r\n<\/li>\r\n<\/ol>\r\n<p><span style=\"font-family: arial, helvetica, sans-serif; color: #000000;\">Adotamos medidas de seguran\u00e7a para proteger as informa\u00e7\u00f5es pessoais dos usu\u00e1rios. No entanto, lembramos que nenhum m\u00e9todo de transmiss\u00e3o de dados pela internet \u00e9 100% seguro.<\/span><\/p>\r\n<p>&nbsp;<\/p>\r\n<ol start=\"7\">\r\n<li>\r\n<h3><span style=\"font-family: arial, helvetica, sans-serif; color: #000000;\">Consentimento<\/span><\/h3>\r\n<\/li>\r\n<\/ol>\r\n<p><span style=\"font-family: arial, helvetica, sans-serif; color: #000000;\">Ao utilizar o <strong>MEU VALOR<\/strong>, voc\u00ea concorda com esta Pol\u00edtica de Privacidade.<\/span><\/p>\r\n<p>&nbsp;<\/p>\r\n<ol start=\"8\">\r\n<li>\r\n<h3><span style=\"font-family: arial, helvetica, sans-serif; color: #000000;\">Altera\u00e7\u00e3o nesta pol\u00edtica<\/span><\/h3>\r\n<\/li>\r\n<\/ol>\r\n<p><span style=\"font-family: arial, helvetica, sans-serif; color: #000000;\">Reservamo-nos o direito de atualizar ou modificar estra Pol\u00edtica de Privacidade a qualquer momento.<\/span><\/p>\r\n<p><span style=\"font-family: arial, helvetica, sans-serif; color: #000000;\">Recomendamos que os usu\u00e1rios revisitem esta p\u00e1gina periodicamente.<\/span><\/p>\r\n<p>&nbsp;<\/p>\r\n<ol start=\"9\">\r\n<li>\r\n<h3><span style=\"font-family: arial, helvetica, sans-serif; color: #000000;\">Contato<\/span><\/h3>\r\n<\/li>\r\n<\/ol>\r\n<p><span style=\"font-family: arial, helvetica, sans-serif; color: #000000;\">Se voc\u00ea tiver duvidas sobre esta Pol\u00edtica de Privacidade, entre em contato conosco pelo e-mail: suportegabicarvalhedo@gmail.com<\/span><\/p>\r\n<p><span style=\"font-family: arial, helvetica, sans-serif;\"><\/span><\/p>\r\n<p>&nbsp;<\/p>","protected":false},"excerpt":{"rendered":"<p>A sua privacidade \u00e9 importante para n\u00f3s, esta Pol\u00edtica de Privacidade descreve como o MEU VALOR criado por Gabriela Carvalh\u00eado [&hellip;]<\/p>\n","protected":false},"author":1,"featured_media":0,"parent":0,"menu_order":0,"comment_status":"closed","ping_status":"open","template":"","meta":{"site-sidebar-layout":"default","site-content-layout":"","ast-site-content-layout":"default","site-content-style":"default","site-sidebar-style":"default","ast-global-header-display":"","ast-banner-title-visibility":"","ast-main-header-display":"","ast-hfb-above-header-display":"","ast-hfb-below-header-display":"","ast-hfb-mobile-header-display":"","site-post-title":"","ast-breadcrumbs-content":"","ast-featured-img":"","footer-sml-layout":"","ast-disable-related-posts":"","theme-transparent-header-meta":"default","adv-header-id-meta":"","stick-header-meta":"","header-above-stick-meta":"","header-main-stick-meta":"","header-below-stick-meta":"","astra-migrate-meta-layouts":"set","ast-page-background-enabled":"default","ast-page-background-meta":{"desktop":{"background-color":"var(--ast-global-color-5)","background-image":"","background-repeat":"repeat","background-position":"center center","background-size":"auto","background-attachment":"scroll","background-type":"","background-media":"","overlay-type":"","overlay-color":"","overlay-opacity":"","overlay-gradient":""},"tablet":{"background-color":"","background-image":"","background-repeat":"repeat","background-position":"center center","background-size":"auto","background-attachment":"scroll","background-type":"","background-media":"","overlay-type":"","overlay-color":"","overlay-opacity":"","overlay-gradient":""},"mobile":{"background-color":"","background-image":"","background-repeat":"repeat","background-position":"center center","background-size":"auto","background-attachment":"scroll","background-type":"","background-media":"","overlay-type":"","overlay-color":"","overlay-opacity":"","overlay-gradient":""}},"ast-content-background-meta":{"desktop":{"background-color":"var(--ast-global-color-4)","background-image":"","background-repeat":"repeat","background-position":"center center","background-size":"auto","background-attachment":"scroll","background-type":"","background-media":"","overlay-type":"","overlay-color":"","overlay-opacity":"","overlay-gradient":""},"tablet":{"background-color":"var(--ast-global-color-4)","background-image":"","background-repeat":"repeat","background-position":"center center","background-size":"auto","background-attachment":"scroll","background-type":"","background-media":"","overlay-type":"","overlay-color":"","overlay-opacity":"","overlay-gradient":""},"mobile":{"background-color":"var(--ast-global-color-4)","background-image":"","background-repeat":"repeat","background-position":"center center","background-size":"auto","background-attachment":"scroll","background-type":"","background-media":"","overlay-type":"","overlay-color":"","overlay-opacity":"","overlay-gradient":""}},"footnotes":""},"class_list":["post-3","page","type-page","status-publish","hentry"],"yoast_head":"<!-- This site is optimized with the Yoast SEO plugin v27.4 - https:\/\/yoast.com\/product\/yoast-seo-wordpress\/ -->\n<title>Pol\u00edtica de Privacidade - Meu Valor %<\/title>\n<meta name=\"description\" content=\"Quem somosO endere\u00e7o do nosso site \u00e9: https:\/\/meuvalor.org. Quando os visitantes deixam coment\u00e1rios no site, coletamos os dados mostrados\" \/>\n<meta name=\"robots\" content=\"index, follow, max-snippet:-1, max-image-preview:large, max-video-preview:-1\" \/>\n<link rel=\"canonical\" href=\"https:\/\/meuvalor.org\/?page_id=3\" \/>\n<meta property=\"og:locale\" content=\"pt_BR\" \/>\n<meta property=\"og:type\" content=\"article\" \/>\n<meta property=\"og:title\" content=\"Pol\u00edtica de Privacidade - Meu Valor %\" \/>\n<meta property=\"og:description\" content=\"Quem somosO endere\u00e7o do nosso site \u00e9: https:\/\/meuvalor.org. Quando os visitantes deixam coment\u00e1rios no site, coletamos os dados mostrados\" \/>\n<meta property=\"og:url\" content=\"https:\/\/meuvalor.org\/?page_id=3\" \/>\n<meta property=\"og:site_name\" content=\"Meu Valor\" \/>\n<meta property=\"article:modified_time\" content=\"2025-11-26T00:57:17+00:00\" \/>\n<meta name=\"twitter:card\" content=\"summary_large_image\" \/>\n<meta name=\"twitter:label1\" content=\"Est. tempo de leitura\" \/>\n\t<meta name=\"twitter:data1\" content=\"3 minutos\" \/>\n<script type=\"application\/ld+json\" class=\"yoast-schema-graph\">{\"@context\":\"https:\\\/\\\/schema.org\",\"@graph\":[{\"@type\":\"WebPage\",\"@id\":\"https:\\\/\\\/meuvalor.org\\\/?page_id=3\",\"url\":\"https:\\\/\\\/meuvalor.org\\\/?page_id=3\",\"name\":\"Pol\u00edtica de Privacidade - Meu Valor %\",\"isPartOf\":{\"@id\":\"https:\\\/\\\/meuvalor.org\\\/#website\"},\"datePublished\":\"2025-08-11T13:49:47+00:00\",\"dateModified\":\"2025-11-26T00:57:17+00:00\",\"description\":\"Quem somosO endere\u00e7o do nosso site \u00e9: https:\\\/\\\/meuvalor.org. Quando os visitantes deixam coment\u00e1rios no site, coletamos os dados mostrados\",\"breadcrumb\":{\"@id\":\"https:\\\/\\\/meuvalor.org\\\/?page_id=3#breadcrumb\"},\"inLanguage\":\"pt-BR\",\"potentialAction\":[{\"@type\":\"ReadAction\",\"target\":[\"https:\\\/\\\/meuvalor.org\\\/?page_id=3\"]}]},{\"@type\":\"BreadcrumbList\",\"@id\":\"https:\\\/\\\/meuvalor.org\\\/?page_id=3#breadcrumb\",\"itemListElement\":[{\"@type\":\"ListItem\",\"position\":1,\"name\":\"In\u00edcio\",\"item\":\"https:\\\/\\\/meuvalor.org\\\/\"},{\"@type\":\"ListItem\",\"position\":2,\"name\":\"Pol\u00edtica de Privacidade\"}]},{\"@type\":\"WebSite\",\"@id\":\"https:\\\/\\\/meuvalor.org\\\/#website\",\"url\":\"https:\\\/\\\/meuvalor.org\\\/\",\"name\":\"Meu Valor\",\"description\":\"\",\"publisher\":{\"@id\":\"https:\\\/\\\/meuvalor.org\\\/#\\\/schema\\\/person\\\/db185651e659b0450ad8d279d24955da\"},\"potentialAction\":[{\"@type\":\"SearchAction\",\"target\":{\"@type\":\"EntryPoint\",\"urlTemplate\":\"https:\\\/\\\/meuvalor.org\\\/?s={search_term_string}\"},\"query-input\":{\"@type\":\"PropertyValueSpecification\",\"valueRequired\":true,\"valueName\":\"search_term_string\"}}],\"inLanguage\":\"pt-BR\"},{\"@type\":[\"Person\",\"Organization\"],\"@id\":\"https:\\\/\\\/meuvalor.org\\\/#\\\/schema\\\/person\\\/db185651e659b0450ad8d279d24955da\",\"name\":\"Gabriela\",\"image\":{\"@type\":\"ImageObject\",\"inLanguage\":\"pt-BR\",\"@id\":\"https:\\\/\\\/meuvalor.org\\\/wp-content\\\/litespeed\\\/avatar\\\/a20d76d9311ccc3585a6527242099d52.jpg?ver=1776976598\",\"url\":\"https:\\\/\\\/meuvalor.org\\\/wp-content\\\/litespeed\\\/avatar\\\/a20d76d9311ccc3585a6527242099d52.jpg?ver=1776976598\",\"contentUrl\":\"https:\\\/\\\/meuvalor.org\\\/wp-content\\\/litespeed\\\/avatar\\\/a20d76d9311ccc3585a6527242099d52.jpg?ver=1776976598\",\"caption\":\"Gabriela\"},\"logo\":{\"@id\":\"https:\\\/\\\/meuvalor.org\\\/wp-content\\\/litespeed\\\/avatar\\\/a20d76d9311ccc3585a6527242099d52.jpg?ver=1776976598\"},\"sameAs\":[\"https:\\\/\\\/meuvalor.org\",\"https:\\\/\\\/www.youtube.com\\\/@GabrielaCarvalhedo\"]}]}<\/script>\n<!-- \/ Yoast SEO plugin. -->","yoast_head_json":{"title":"Pol\u00edtica de Privacidade - Meu Valor %","description":"Quem somosO endere\u00e7o do nosso site \u00e9: https:\/\/meuvalor.org. Quando os visitantes deixam coment\u00e1rios no site, coletamos os dados mostrados","robots":{"index":"index","follow":"follow","max-snippet":"max-snippet:-1","max-image-preview":"max-image-preview:large","max-video-preview":"max-video-preview:-1"},"canonical":"https:\/\/meuvalor.org\/?page_id=3","og_locale":"pt_BR","og_type":"article","og_title":"Pol\u00edtica de Privacidade - Meu Valor %","og_description":"Quem somosO endere\u00e7o do nosso site \u00e9: https:\/\/meuvalor.org. Quando os visitantes deixam coment\u00e1rios no site, coletamos os dados mostrados","og_url":"https:\/\/meuvalor.org\/?page_id=3","og_site_name":"Meu Valor","article_modified_time":"2025-11-26T00:57:17+00:00","twitter_card":"summary_large_image","twitter_misc":{"Est. tempo de leitura":"3 minutos"},"schema":{"@context":"https:\/\/schema.org","@graph":[{"@type":"WebPage","@id":"https:\/\/meuvalor.org\/?page_id=3","url":"https:\/\/meuvalor.org\/?page_id=3","name":"Pol\u00edtica de Privacidade - Meu Valor %","isPartOf":{"@id":"https:\/\/meuvalor.org\/#website"},"datePublished":"2025-08-11T13:49:47+00:00","dateModified":"2025-11-26T00:57:17+00:00","description":"Quem somosO endere\u00e7o do nosso site \u00e9: https:\/\/meuvalor.org. Quando os visitantes deixam coment\u00e1rios no site, coletamos os dados mostrados","breadcrumb":{"@id":"https:\/\/meuvalor.org\/?page_id=3#breadcrumb"},"inLanguage":"pt-BR","potentialAction":[{"@type":"ReadAction","target":["https:\/\/meuvalor.org\/?page_id=3"]}]},{"@type":"BreadcrumbList","@id":"https:\/\/meuvalor.org\/?page_id=3#breadcrumb","itemListElement":[{"@type":"ListItem","position":1,"name":"In\u00edcio","item":"https:\/\/meuvalor.org\/"},{"@type":"ListItem","position":2,"name":"Pol\u00edtica de Privacidade"}]},{"@type":"WebSite","@id":"https:\/\/meuvalor.org\/#website","url":"https:\/\/meuvalor.org\/","name":"Meu Valor","description":"","publisher":{"@id":"https:\/\/meuvalor.org\/#\/schema\/person\/db185651e659b0450ad8d279d24955da"},"potentialAction":[{"@type":"SearchAction","target":{"@type":"EntryPoint","urlTemplate":"https:\/\/meuvalor.org\/?s={search_term_string}"},"query-input":{"@type":"PropertyValueSpecification","valueRequired":true,"valueName":"search_term_string"}}],"inLanguage":"pt-BR"},{"@type":["Person","Organization"],"@id":"https:\/\/meuvalor.org\/#\/schema\/person\/db185651e659b0450ad8d279d24955da","name":"Gabriela","image":{"@type":"ImageObject","inLanguage":"pt-BR","@id":"https:\/\/meuvalor.org\/wp-content\/litespeed\/avatar\/a20d76d9311ccc3585a6527242099d52.jpg?ver=1776976598","url":"https:\/\/meuvalor.org\/wp-content\/litespeed\/avatar\/a20d76d9311ccc3585a6527242099d52.jpg?ver=1776976598","contentUrl":"https:\/\/meuvalor.org\/wp-content\/litespeed\/avatar\/a20d76d9311ccc3585a6527242099d52.jpg?ver=1776976598","caption":"Gabriela"},"logo":{"@id":"https:\/\/meuvalor.org\/wp-content\/litespeed\/avatar\/a20d76d9311ccc3585a6527242099d52.jpg?ver=1776976598"},"sameAs":["https:\/\/meuvalor.org","https:\/\/www.youtube.com\/@GabrielaCarvalhedo"]}]}},"_hostinger_reach_plugin_has_subscription_block":false,"_hostinger_reach_plugin_is_elementor":false,"_links":{"self":[{"href":"https:\/\/meuvalor.org\/index.php?rest_route=\/wp\/v2\/pages\/3","targetHints":{"allow":["GET"]}}],"collection":[{"href":"https:\/\/meuvalor.org\/index.php?rest_route=\/wp\/v2\/pages"}],"about":[{"href":"https:\/\/meuvalor.org\/index.php?rest_route=\/wp\/v2\/types\/page"}],"author":[{"embeddable":true,"href":"https:\/\/meuvalor.org\/index.php?rest_route=\/wp\/v2\/users\/1"}],"replies":[{"embeddable":true,"href":"https:\/\/meuvalor.org\/index.php?rest_route=%2Fwp%2Fv2%2Fcomments&post=3"}],"version-history":[{"count":11,"href":"https:\/\/meuvalor.org\/index.php?rest_route=\/wp\/v2\/pages\/3\/revisions"}],"predecessor-version":[{"id":420,"href":"https:\/\/meuvalor.org\/index.php?rest_route=\/wp\/v2\/pages\/3\/revisions\/420"}],"wp:attachment":[{"href":"https:\/\/meuvalor.org\/index.php?rest_route=%2Fwp%2Fv2%2Fmedia&parent=3"}],"curies":[{"name":"wp","href":"https:\/\/api.w.org\/{rel}","templated":true}]}}